{"id":1641,"date":"2026-04-10T11:56:25","date_gmt":"2026-04-10T11:56:25","guid":{"rendered":"https:\/\/autoshopping.com.ar\/?post_type=product&#038;p=1641"},"modified":"2026-04-10T11:56:25","modified_gmt":"2026-04-10T11:56:25","slug":"vw-suran-comfortline-mt-1-6n-c-gnc-ano-2018","status":"publish","type":"product","link":"https:\/\/autoshopping.com.ar\/?product=vw-suran-comfortline-mt-1-6n-c-gnc-ano-2018","title":{"rendered":"VW Suran Comfortline MT 1.6N c\/GNC &#8211; A\u00f1o 2018"},"content":{"rendered":"","protected":false},"excerpt":{"rendered":"<p>\ud83d\ude98 VW SURAN \ud83d\ude98<br \/>\n\u2705 Versi\u00f3n: CONFORTLINE<br \/>\n\u2705 Motor: 1.6N c\/GNC<br \/>\n\u2705 Caja: Manual<br \/>\n\u2705 A\u00f1o: 2.018<br \/>\n\u2705 Km: 160.000<br \/>\n\ud83d\udcb0 Precio: \ud83d\udcb217.500.000<br \/>\n\u203c\ufe0f MUY BUEN ESTADO EN GENERAL. SE ENCUENTRA TOTALMENTE AL D\u00cdA, LIBRE DE TODA DEUDA \u203c\ufe0f UNICA MANO\u203c\ufe0f ENTREGANDO TU USADO O $ 7.499.900 FINANCIA EL SALDO EN 36 CUOTAS FIJAS DE $ 753.000 , CONSULTA EN 12, 24 O 48 CUOTAS, O CON TASA UVA (mas baja!) \ud83d\udcb8 TAMBI\u00c9N RECIBIMOS D\u00d3LARES, TARJETAS DE CR\u00c9DITO, CHEQUES, MOTOS \ud83c\udfcd\ufe0f<br \/>\n\ud83d\ude4b\ud83c\udffb\u200d\u2642\ufe0f\ud83d\ude4b\ud83c\udffb\u200d\u2640\ufe0f \u00a1Somos #Autoshopping tu mejor opci\u00f3n! \ud83d\ude09 Asesoramiento personalizado \ud83d\udcf2 387 4443623 #autosusados #vwsuran #vwsuranusado #suran #vw #surancongnc #surancomfortline #salta #jujuy<\/p>\n","protected":false},"featured_media":1642,"template":"","meta":{"site-sidebar-layout":"default","site-content-layout":"","ast-site-content-layout":"default","site-content-style":"default","site-sidebar-style":"default","ast-global-header-display":"","ast-banner-title-visibility":"","ast-main-header-display":"","ast-hfb-above-header-display":"","ast-hfb-below-header-display":"","ast-hfb-mobile-header-display":"","site-post-title":"","ast-breadcrumbs-content":"","ast-featured-img":"","footer-sml-layout":"","theme-transparent-header-meta":"default","adv-header-id-meta":"","stick-header-meta":"","header-above-stick-meta":"","header-main-stick-meta":"","header-below-stick-meta":"","astra-migrate-meta-layouts":"set","ast-page-background-enabled":"default","ast-page-background-meta":{"desktop":{"background-color":"var(--ast-global-color-4)","background-image":"","background-repeat":"repeat","background-position":"center center","background-size":"auto","background-attachment":"scroll","background-type":"","background-media":"","overlay-type":"","overlay-color":"","overlay-opacity":"","overlay-gradient":""},"tablet":{"background-color":"","background-image":"","background-repeat":"repeat","background-position":"center center","background-size":"auto","background-attachment":"scroll","background-type":"","background-media":"","overlay-type":"","overlay-color":"","overlay-opacity":"","overlay-gradient":""},"mobile":{"background-color":"","background-image":"","background-repeat":"repeat","background-position":"center center","background-size":"auto","background-attachment":"scroll","background-type":"","background-media":"","overlay-type":"","overlay-color":"","overlay-opacity":"","overlay-gradient":""}},"ast-content-background-meta":{"desktop":{"background-color":"var(--ast-global-color-5)","background-image":"","background-repeat":"repeat","background-position":"center center","background-size":"auto","background-attachment":"scroll","background-type":"","background-media":"","overlay-type":"","overlay-color":"","overlay-opacity":"","overlay-gradient":""},"tablet":{"background-color":"var(--ast-global-color-5)","background-image":"","background-repeat":"repeat","background-position":"center center","background-size":"auto","background-attachment":"scroll","background-type":"","background-media":"","overlay-type":"","overlay-color":"","overlay-opacity":"","overlay-gradient":""},"mobile":{"background-color":"var(--ast-global-color-5)","background-image":"","background-repeat":"repeat","background-position":"center center","background-size":"auto","background-attachment":"scroll","background-type":"","background-media":"","overlay-type":"","overlay-color":"","overlay-opacity":"","overlay-gradient":""}}},"product_brand":[],"product_cat":[45,26,32],"product_tag":[],"class_list":{"0":"post-1641","1":"product","2":"type-product","3":"status-publish","4":"has-post-thumbnail","6":"product_cat-nafta-con-gnc","7":"product_cat-usado","8":"product_cat-volkswagen","9":"desktop-align-left","10":"tablet-align-left","11":"mobile-align-left","13":"first","14":"instock","15":"shipping-taxable","16":"purchasable","17":"product-type-simple"},"_links":{"self":[{"href":"https:\/\/autoshopping.com.ar\/index.php?rest_route=\/wp\/v2\/product\/1641","targetHints":{"allow":["GET"]}}],"collection":[{"href":"https:\/\/autoshopping.com.ar\/index.php?rest_route=\/wp\/v2\/product"}],"about":[{"href":"https:\/\/autoshopping.com.ar\/index.php?rest_route=\/wp\/v2\/types\/product"}],"wp:featuredmedia":[{"embeddable":true,"href":"https:\/\/autoshopping.com.ar\/index.php?rest_route=\/wp\/v2\/media\/1642"}],"wp:attachment":[{"href":"https:\/\/autoshopping.com.ar\/index.php?rest_route=%2Fwp%2Fv2%2Fmedia&parent=1641"}],"wp:term":[{"taxonomy":"product_brand","embeddable":true,"href":"https:\/\/autoshopping.com.ar\/index.php?rest_route=%2Fwp%2Fv2%2Fproduct_brand&post=1641"},{"taxonomy":"product_cat","embeddable":true,"href":"https:\/\/autoshopping.com.ar\/index.php?rest_route=%2Fwp%2Fv2%2Fproduct_cat&post=1641"},{"taxonomy":"product_tag","embeddable":true,"href":"https:\/\/autoshopping.com.ar\/index.php?rest_route=%2Fwp%2Fv2%2Fproduct_tag&post=1641"}],"curies":[{"name":"wp","href":"https:\/\/api.w.org\/{rel}","templated":true}]}}